{"id":93,"date":"2024-07-04T02:14:44","date_gmt":"2024-07-04T02:14:44","guid":{"rendered":"https:\/\/greenvn.vn\/about\/"},"modified":"2025-07-01T09:39:58","modified_gmt":"2025-07-01T09:39:58","slug":"gioi-thieu","status":"publish","type":"page","link":"https:\/\/greenvn.vn\/en\/gioi-thieu\/","title":{"rendered":"Introduction"},"content":{"rendered":"<div data-elementor-type=\"wp-page\" data-elementor-id=\"93\" class=\"elementor elementor-93\" data-elementor-post-type=\"page\">\n\t\t\t\t<div class=\"elementor-element elementor-element-b271328 elementor-hidden-mobile elementor-hidden-tablet e-flex e-con-boxed e-con e-parent\" data-id=\"b271328\" data-element_type=\"container\" data-settings=\"{&quot;background_background&quot;:&quot;classic&quot;}\">\n\t\t\t\t\t<div class=\"e-con-inner\">\n\t\t\t\t\t<\/div>\n\t\t\t\t<\/div>\n\t\t<div class=\"elementor-element elementor-element-f943f67 e-con-full elementor-hidden-desktop e-flex e-con e-parent\" data-id=\"f943f67\" data-element_type=\"container\">\n\t\t\t\t<div class=\"elementor-element elementor-element-df2a965 elementor-widget elementor-widget-spacer\" data-id=\"df2a965\" data-element_type=\"widget\" data-widget_type=\"spacer.default\">\n\t\t\t\t<div class=\"elementor-widget-container\">\n\t\t\t<style>\/*! elementor - v3.22.0 - 26-06-2024 *\/\n.elementor-column .elementor-spacer-inner{height:var(--spacer-size)}.e-con{--container-widget-width:100%}.e-con-inner>.elementor-widget-spacer,.e-con>.elementor-widget-spacer{width:var(--container-widget-width,var(--spacer-size));--align-self:var(--container-widget-align-self,initial);--flex-shrink:0}.e-con-inner>.elementor-widget-spacer>.elementor-widget-container,.e-con>.elementor-widget-spacer>.elementor-widget-container{height:100%;width:100%}.e-con-inner>.elementor-widget-spacer>.elementor-widget-container>.elementor-spacer,.e-con>.elementor-widget-spacer>.elementor-widget-container>.elementor-spacer{height:100%}.e-con-inner>.elementor-widget-spacer>.elementor-widget-container>.elementor-spacer>.elementor-spacer-inner,.e-con>.elementor-widget-spacer>.elementor-widget-container>.elementor-spacer>.elementor-spacer-inner{height:var(--container-widget-height,var(--spacer-size))}.e-con-inner>.elementor-widget-spacer.elementor-widget-empty,.e-con>.elementor-widget-spacer.elementor-widget-empty{position:relative;min-height:22px;min-width:22px}.e-con-inner>.elementor-widget-spacer.elementor-widget-empty .elementor-widget-empty-icon,.e-con>.elementor-widget-spacer.elementor-widget-empty .elementor-widget-empty-icon{position:absolute;top:0;bottom:0;left:0;right:0;margin:auto;padding:0;width:22px;height:22px}<\/style>\t\t<div class=\"elementor-spacer\">\n\t\t\t<div class=\"elementor-spacer-inner\"><\/div>\n\t\t<\/div>\n\t\t\t\t<\/div>\n\t\t\t\t<\/div>\n\t\t\t\t<div class=\"elementor-element elementor-element-8c0b831 elementor-widget elementor-widget-image\" data-id=\"8c0b831\" data-element_type=\"widget\" data-widget_type=\"image.default\">\n\t\t\t\t<div class=\"elementor-widget-container\">\n\t\t\t<style>\/*! elementor - v3.22.0 - 26-06-2024 *\/\n.elementor-widget-image{text-align:center}.elementor-widget-image a{display:inline-block}.elementor-widget-image a img[src$=\".svg\"]{width:48px}.elementor-widget-image img{vertical-align:middle;display:inline-block}<\/style>\t\t\t\t\t\t\t\t\t\t<img fetchpriority=\"high\" decoding=\"async\" width=\"1024\" height=\"427\" src=\"https:\/\/greenvn.vn\/wp-content\/uploads\/2024\/11\/Website_TrangChu-1-1024x427.png\" class=\"attachment-large size-large wp-image-3321\" alt=\"\" srcset=\"https:\/\/greenvn.vn\/wp-content\/uploads\/2024\/11\/Website_TrangChu-1-1024x427.png 1024w, https:\/\/greenvn.vn\/wp-content\/uploads\/2024\/11\/Website_TrangChu-1-300x125.png 300w, https:\/\/greenvn.vn\/wp-content\/uploads\/2024\/11\/Website_TrangChu-1-768x320.png 768w, https:\/\/greenvn.vn\/wp-content\/uploads\/2024\/11\/Website_TrangChu-1-1536x640.png 1536w, https:\/\/greenvn.vn\/wp-content\/uploads\/2024\/11\/Website_TrangChu-1-18x8.png 18w, https:\/\/greenvn.vn\/wp-content\/uploads\/2024\/11\/Website_TrangChu-1.png 1920w\" sizes=\"(max-width: 1024px) 100vw, 1024px\" \/>\t\t\t\t\t\t\t\t\t\t\t\t\t<\/div>\n\t\t\t\t<\/div>\n\t\t\t\t<\/div>\n\t\t<div class=\"elementor-element elementor-element-382e668 e-flex e-con-boxed e-con e-parent\" data-id=\"382e668\" data-element_type=\"container\">\n\t\t\t\t\t<div class=\"e-con-inner\">\n\t\t\t\t<div class=\"elementor-element elementor-element-ae5e2d3 elementor-widget elementor-widget-heading\" data-id=\"ae5e2d3\" data-element_type=\"widget\" data-widget_type=\"heading.default\">\n\t\t\t\t<div class=\"elementor-widget-container\">\n\t\t\t<style>\/*! elementor - v3.22.0 - 26-06-2024 *\/\n.elementor-heading-title{padding:0;margin:0;line-height:1}.elementor-widget-heading .elementor-heading-title[class*=elementor-size-]>a{color:inherit;font-size:inherit;line-height:inherit}.elementor-widget-heading .elementor-heading-title.elementor-size-small{font-size:15px}.elementor-widget-heading .elementor-heading-title.elementor-size-medium{font-size:19px}.elementor-widget-heading .elementor-heading-title.elementor-size-large{font-size:29px}.elementor-widget-heading .elementor-heading-title.elementor-size-xl{font-size:39px}.elementor-widget-heading .elementor-heading-title.elementor-size-xxl{font-size:59px}<\/style><h2 class=\"elementor-heading-title elementor-size-default\">GI\u1edaI THI\u1ec6U V\u1ec0 V\u01af\u1edcN V\u00cc VI\u1ec6T NAM XANH <\/h2>\t\t<\/div>\n\t\t\t\t<\/div>\n\t\t\t\t\t<\/div>\n\t\t\t\t<\/div>\n\t\t<div class=\"elementor-element elementor-element-56c45dd e-flex e-con-boxed e-con e-parent\" data-id=\"56c45dd\" data-element_type=\"container\" data-settings=\"{&quot;background_background&quot;:&quot;classic&quot;}\">\n\t\t\t\t\t<div class=\"e-con-inner\">\n\t\t\t\t<div class=\"elementor-element elementor-element-6df386e elementor-widget elementor-widget-image\" data-id=\"6df386e\" data-element_type=\"widget\" data-widget_type=\"image.default\">\n\t\t\t\t<div class=\"elementor-widget-container\">\n\t\t\t\t\t\t\t\t\t\t\t\t\t<img decoding=\"async\" width=\"1920\" height=\"800\" src=\"https:\/\/greenvn.vn\/wp-content\/uploads\/2024\/11\/Website_GioiThieu-2.png\" class=\"attachment-full size-full wp-image-3343\" alt=\"\" srcset=\"https:\/\/greenvn.vn\/wp-content\/uploads\/2024\/11\/Website_GioiThieu-2.png 1920w, https:\/\/greenvn.vn\/wp-content\/uploads\/2024\/11\/Website_GioiThieu-2-300x125.png 300w, https:\/\/greenvn.vn\/wp-content\/uploads\/2024\/11\/Website_GioiThieu-2-1024x427.png 1024w, https:\/\/greenvn.vn\/wp-content\/uploads\/2024\/11\/Website_GioiThieu-2-768x320.png 768w, https:\/\/greenvn.vn\/wp-content\/uploads\/2024\/11\/Website_GioiThieu-2-1536x640.png 1536w, https:\/\/greenvn.vn\/wp-content\/uploads\/2024\/11\/Website_GioiThieu-2-18x8.png 18w\" sizes=\"(max-width: 1920px) 100vw, 1920px\" \/>\t\t\t\t\t\t\t\t\t\t\t\t\t<\/div>\n\t\t\t\t<\/div>\n\t\t\t\t\t<\/div>\n\t\t\t\t<\/div>\n\t\t<div class=\"elementor-element elementor-element-2373c62 e-con-full e-flex e-con e-parent\" data-id=\"2373c62\" data-element_type=\"container\" data-settings=\"{&quot;background_background&quot;:&quot;classic&quot;}\">\n\t\t<div class=\"elementor-element elementor-element-e7bc36b e-con-full e-flex e-con e-child\" data-id=\"e7bc36b\" data-element_type=\"container\">\n\t\t\t\t<div class=\"elementor-element elementor-element-732f76f elementor-view-stacked elementor-position-left elementor-shape-circle elementor-mobile-position-top elementor-vertical-align-top elementor-widget elementor-widget-icon-box\" data-id=\"732f76f\" data-element_type=\"widget\" data-widget_type=\"icon-box.default\">\n\t\t\t\t<div class=\"elementor-widget-container\">\n\t\t\t<link rel=\"stylesheet\" href=\"https:\/\/greenvn.vn\/wp-content\/plugins\/elementor\/assets\/css\/widget-icon-box.min.css\">\t\t<div class=\"elementor-icon-box-wrapper\">\n\n\t\t\t\t\t\t<div class=\"elementor-icon-box-icon\">\n\t\t\t\t<span  class=\"elementor-icon elementor-animation-\">\n\t\t\t\t<svg aria-hidden=\"true\" class=\"e-font-icon-svg e-fas-eye\" viewbox=\"0 0 576 512\" xmlns=\"http:\/\/www.w3.org\/2000\/svg\"><path d=\"M572.52 241.4C518.29 135.59 410.93 64 288 64S57.68 135.64 3.48 241.41a32.35 32.35 0 0 0 0 29.19C57.71 376.41 165.07 448 288 448s230.32-71.64 284.52-177.41a32.35 32.35 0 0 0 0-29.19zM288 400a144 144 0 1 1 144-144 143.93 143.93 0 0 1-144 144zm0-240a95.31 95.31 0 0 0-25.31 3.79 47.85 47.85 0 0 1-66.9 66.9A95.78 95.78 0 1 0 288 160z\"><\/path><\/svg>\t\t\t\t<\/span>\n\t\t\t<\/div>\n\t\t\t\n\t\t\t\t\t\t<div class=\"elementor-icon-box-content\">\n\n\t\t\t\t\t\t\t\t\t<h3 class=\"elementor-icon-box-title\">\n\t\t\t\t\t\t<span  >\n\t\t\t\t\t\t\tT\u1ea7m Nh\u00ecn\t\t\t\t\t\t<\/span>\n\t\t\t\t\t<\/h3>\n\t\t\t\t\n\t\t\t\t\t\t\t\t\t<p class=\"elementor-icon-box-description\">\n\t\t\t\t\t\tTi\u00ean phong trong vi\u1ec7c b\u1ea3o v\u1ec7 m\u00f4i tr\u01b0\u1eddng v\u00e0 ph\u00e1t tri\u1ec3n b\u1ec1n v\u1eefng. Ch\u00fang t\u00f4i cam k\u1ebft ki\u1ebfn t\u1ea1o kh\u00f4ng gian xanh, s\u1ea1ch, \u0111\u1eb9p, lan t\u1ecfa \u00fd th\u1ee9c b\u1ea3o v\u1ec7 thi\u00ean nhi\u00ean \u0111\u1ebfn c\u1ed9ng \u0111\u1ed3ng. Th\u00f4ng qua c\u00e1c ho\u1ea1t \u0111\u1ed9ng tr\u1ed3ng c\u00e2y v\u00e0 gi\u00e1o d\u1ee5c, ch\u00fang t\u00f4i g\u00f3p ph\u1ea7n x\u00e2y d\u1ef1ng Vi\u1ec7t Nam xanh h\u01a1n, kh\u1ecfe m\u1ea1nh h\u01a1n, \u0111\u1ec3 th\u1ebf h\u1ec7 t\u01b0\u01a1ng lai ti\u1ebfp n\u1ed1i m\u1ed9t m\u00f4i tr\u01b0\u1eddng s\u1ed1ng an l\u00e0nh v\u00e0 b\u1ec1n v\u1eefng.\t\t\t\t\t<\/p>\n\t\t\t\t\n\t\t\t<\/div>\n\t\t\t\n\t\t<\/div>\n\t\t\t\t<\/div>\n\t\t\t\t<\/div>\n\t\t\t\t<\/div>\n\t\t<div class=\"elementor-element elementor-element-ebbe165 e-con-full e-flex e-con e-child\" data-id=\"ebbe165\" data-element_type=\"container\">\n\t\t\t\t<div class=\"elementor-element elementor-element-d10d1d2 elementor-view-stacked elementor-position-left elementor-shape-circle elementor-mobile-position-top elementor-vertical-align-top elementor-widget elementor-widget-icon-box\" data-id=\"d10d1d2\" data-element_type=\"widget\" data-widget_type=\"icon-box.default\">\n\t\t\t\t<div class=\"elementor-widget-container\">\n\t\t\t\t\t<div class=\"elementor-icon-box-wrapper\">\n\n\t\t\t\t\t\t<div class=\"elementor-icon-box-icon\">\n\t\t\t\t<span  class=\"elementor-icon elementor-animation-\">\n\t\t\t\t<svg aria-hidden=\"true\" class=\"e-font-icon-svg e-fas-paper-plane\" viewbox=\"0 0 512 512\" xmlns=\"http:\/\/www.w3.org\/2000\/svg\"><path d=\"M476 3.2L12.5 270.6c-18.1 10.4-15.8 35.6 2.2 43.2L121 358.4l287.3-253.2c5.5-4.9 13.3 2.6 8.6 8.3L176 407v80.5c0 23.6 28.5 32.9 42.5 15.8L282 426l124.6 52.2c14.2 6 30.4-2.9 33-18.2l72-432C515 7.8 493.3-6.8 476 3.2z\"><\/path><\/svg>\t\t\t\t<\/span>\n\t\t\t<\/div>\n\t\t\t\n\t\t\t\t\t\t<div class=\"elementor-icon-box-content\">\n\n\t\t\t\t\t\t\t\t\t<h3 class=\"elementor-icon-box-title\">\n\t\t\t\t\t\t<span  >\n\t\t\t\t\t\t\tS\u1ee9 M\u1ec7nh\t\t\t\t\t\t<\/span>\n\t\t\t\t\t<\/h3>\n\t\t\t\t\n\t\t\t\t\t\t\t\t\t<p class=\"elementor-icon-box-description\">\n\t\t\t\t\t\tCh\u00fang t\u00f4i kh\u00f4ng ng\u1eebng n\u1ed7 l\u1ef1c mang \u0111\u1ebfn s\u1ef1 thay \u0111\u1ed5i t\u00edch c\u1ef1c cho t\u01b0\u01a1ng lai xanh c\u1ee7a Vi\u1ec7t Nam th\u00f4ng qua gi\u00e1o d\u1ee5c v\u00e0 n\u00e2ng cao \u00fd th\u1ee9c b\u1ea3o v\u1ec7 thi\u00ean nhi\u00ean. B\u1eb1ng c\u00e1ch tri\u1ec3n khai c\u00e1c d\u1ef1 \u00e1n th\u00e2n thi\u1ec7n v\u1edbi m\u00f4i tr\u01b0\u1eddng, ch\u00fang t\u00f4i \u0111\u1ed3ng h\u00e0nh c\u00f9ng c\u1ed9ng \u0111\u1ed3ng, khuy\u1ebfn kh\u00edch m\u1ed7i c\u00e1 nh\u00e2n v\u00e0 doanh nghi\u1ec7p \u00e1p d\u1ee5ng c\u00e1c bi\u1ec7n ph\u00e1p b\u1ea3o v\u1ec7 m\u00f4i tr\u01b0\u1eddng trong \u0111\u1eddi s\u1ed1ng h\u00e0ng ng\u00e0y.\t\t\t\t\t<\/p>\n\t\t\t\t\n\t\t\t<\/div>\n\t\t\t\n\t\t<\/div>\n\t\t\t\t<\/div>\n\t\t\t\t<\/div>\n\t\t\t\t<\/div>\n\t\t\t\t<\/div>\n\t\t<div class=\"elementor-element elementor-element-458bfa6 e-flex e-con-boxed e-con e-parent\" data-id=\"458bfa6\" data-element_type=\"container\" data-settings=\"{&quot;background_background&quot;:&quot;gradient&quot;}\">\n\t\t\t\t\t<div class=\"e-con-inner\">\n\t\t\t\t<div class=\"elementor-element elementor-element-1e2f600 elementor-widget elementor-widget-heading\" data-id=\"1e2f600\" data-element_type=\"widget\" data-widget_type=\"heading.default\">\n\t\t\t\t<div class=\"elementor-widget-container\">\n\t\t\t<h2 class=\"elementor-heading-title elementor-size-default\">Gi\u00e1 Tr\u1ecb C\u1ed1t L\u00f5i<\/h2>\t\t<\/div>\n\t\t\t\t<\/div>\n\t\t\t\t\t<\/div>\n\t\t\t\t<\/div>\n\t\t<div class=\"elementor-element elementor-element-e22e1ac e-flex e-con-boxed e-con e-parent\" data-id=\"e22e1ac\" data-element_type=\"container\">\n\t\t\t\t\t<div class=\"e-con-inner\">\n\t\t<div class=\"elementor-element elementor-element-13c345f e-con-full e-flex e-con e-child\" data-id=\"13c345f\" data-element_type=\"container\">\n\t\t\t\t<div class=\"elementor-element elementor-element-a6b6a79 elementor-view-default elementor-position-top elementor-mobile-position-top elementor-widget elementor-widget-icon-box\" data-id=\"a6b6a79\" data-element_type=\"widget\" data-widget_type=\"icon-box.default\">\n\t\t\t\t<div class=\"elementor-widget-container\">\n\t\t\t\t\t<div class=\"elementor-icon-box-wrapper\">\n\n\t\t\t\t\t\t<div class=\"elementor-icon-box-icon\">\n\t\t\t\t<span  class=\"elementor-icon elementor-animation-\">\n\t\t\t\t<svg aria-hidden=\"true\" class=\"e-font-icon-svg e-fas-seedling\" viewbox=\"0 0 512 512\" xmlns=\"http:\/\/www.w3.org\/2000\/svg\"><path d=\"M64 96H0c0 123.7 100.3 224 224 224v144c0 8.8 7.2 16 16 16h32c8.8 0 16-7.2 16-16V320C288 196.3 187.7 96 64 96zm384-64c-84.2 0-157.4 46.5-195.7 115.2 27.7 30.2 48.2 66.9 59 107.6C424 243.1 512 147.9 512 32h-64z\"><\/path><\/svg>\t\t\t\t<\/span>\n\t\t\t<\/div>\n\t\t\t\n\t\t\t\t\t\t<div class=\"elementor-icon-box-content\">\n\n\t\t\t\t\t\t\t\t\t<h3 class=\"elementor-icon-box-title\">\n\t\t\t\t\t\t<span  >\n\t\t\t\t\t\t\tB\u1ea3o V\u1ec7 M\u00f4i Tr\u01b0\u1eddng\t\t\t\t\t\t<\/span>\n\t\t\t\t\t<\/h3>\n\t\t\t\t\n\t\t\t\t\t\t\t\t\t<p class=\"elementor-icon-box-description\">\n\t\t\t\t\t\tCh\u00fang t\u00f4i cam k\u1ebft th\u1ef1c hi\u1ec7n nh\u1eefng gi\u1ea3i ph\u00e1p b\u1ec1n v\u1eefng nh\u1eb1m b\u1ea3o v\u1ec7 h\u1ec7 sinh th\u00e1i, gi\u1ea3m thi\u1ec3u \u00f4 nhi\u1ec5m v\u00e0 b\u1ea3o t\u1ed3n t\u00e0i nguy\u00ean thi\u00ean nhi\u00ean, h\u01b0\u1edbng t\u1edbi vi\u1ec7c x\u00e2y d\u1ef1ng m\u1ed9t t\u01b0\u01a1ng lai xanh cho th\u1ebf h\u1ec7 mai sau.\t\t\t\t\t<\/p>\n\t\t\t\t\n\t\t\t<\/div>\n\t\t\t\n\t\t<\/div>\n\t\t\t\t<\/div>\n\t\t\t\t<\/div>\n\t\t\t\t<\/div>\n\t\t<div class=\"elementor-element elementor-element-89bbe3b e-con-full e-flex e-con e-child\" data-id=\"89bbe3b\" data-element_type=\"container\">\n\t\t\t\t<div class=\"elementor-element elementor-element-d1d129c elementor-view-default elementor-position-top elementor-mobile-position-top elementor-widget elementor-widget-icon-box\" data-id=\"d1d129c\" data-element_type=\"widget\" data-widget_type=\"icon-box.default\">\n\t\t\t\t<div class=\"elementor-widget-container\">\n\t\t\t\t\t<div class=\"elementor-icon-box-wrapper\">\n\n\t\t\t\t\t\t<div class=\"elementor-icon-box-icon\">\n\t\t\t\t<span  class=\"elementor-icon elementor-animation-\">\n\t\t\t\t<svg aria-hidden=\"true\" class=\"e-font-icon-svg e-fas-chart-line\" viewbox=\"0 0 512 512\" xmlns=\"http:\/\/www.w3.org\/2000\/svg\"><path d=\"M496 384H64V80c0-8.84-7.16-16-16-16H16C7.16 64 0 71.16 0 80v336c0 17.67 14.33 32 32 32h464c8.84 0 16-7.16 16-16v-32c0-8.84-7.16-16-16-16zM464 96H345.94c-21.38 0-32.09 25.85-16.97 40.97l32.4 32.4L288 242.75l-73.37-73.37c-12.5-12.5-32.76-12.5-45.25 0l-68.69 68.69c-6.25 6.25-6.25 16.38 0 22.63l22.62 22.62c6.25 6.25 16.38 6.25 22.63 0L192 237.25l73.37 73.37c12.5 12.5 32.76 12.5 45.25 0l96-96 32.4 32.4c15.12 15.12 40.97 4.41 40.97-16.97V112c.01-8.84-7.15-16-15.99-16z\"><\/path><\/svg>\t\t\t\t<\/span>\n\t\t\t<\/div>\n\t\t\t\n\t\t\t\t\t\t<div class=\"elementor-icon-box-content\">\n\n\t\t\t\t\t\t\t\t\t<h3 class=\"elementor-icon-box-title\">\n\t\t\t\t\t\t<span  >\n\t\t\t\t\t\t\tPh\u00e1t Tri\u1ec3n B\u1ec1n V\u1eefng\t\t\t\t\t\t<\/span>\n\t\t\t\t\t<\/h3>\n\t\t\t\t\n\t\t\t\t\t\t\t\t\t<p class=\"elementor-icon-box-description\">\n\t\t\t\t\t\tV\u01b0\u1eddn V\u00ec Vi\u1ec7t Nam Xanh h\u01b0\u1edbng \u0111\u1ebfn s\u1ef1 h\u00e0i h\u00f2a gi\u1eefa t\u0103ng tr\u01b0\u1edfng kinh t\u1ebf v\u00e0 b\u1ea3o v\u1ec7 m\u00f4i tr\u01b0\u1eddng, th\u00f4ng qua c\u00e1c d\u1ef1 \u00e1n v\u00e0 ho\u1ea1t \u0111\u1ed9ng kinh doanh c\u00f3 tr\u00e1ch nhi\u1ec7m v\u1edbi x\u00e3 h\u1ed9i v\u00e0 h\u1ec7 sinh th\u00e1i.\t\t\t\t\t<\/p>\n\t\t\t\t\n\t\t\t<\/div>\n\t\t\t\n\t\t<\/div>\n\t\t\t\t<\/div>\n\t\t\t\t<\/div>\n\t\t\t\t<\/div>\n\t\t<div class=\"elementor-element elementor-element-902d081 e-con-full e-flex e-con e-child\" data-id=\"902d081\" data-element_type=\"container\">\n\t\t\t\t<div class=\"elementor-element elementor-element-6afe39c elementor-view-default elementor-position-top elementor-mobile-position-top elementor-widget elementor-widget-icon-box\" data-id=\"6afe39c\" data-element_type=\"widget\" data-widget_type=\"icon-box.default\">\n\t\t\t\t<div class=\"elementor-widget-container\">\n\t\t\t\t\t<div class=\"elementor-icon-box-wrapper\">\n\n\t\t\t\t\t\t<div class=\"elementor-icon-box-icon\">\n\t\t\t\t<span  class=\"elementor-icon elementor-animation-\">\n\t\t\t\t<svg aria-hidden=\"true\" class=\"e-font-icon-svg e-fas-book-reader\" viewbox=\"0 0 512 512\" xmlns=\"http:\/\/www.w3.org\/2000\/svg\"><path d=\"M352 96c0-53.02-42.98-96-96-96s-96 42.98-96 96 42.98 96 96 96 96-42.98 96-96zM233.59 241.1c-59.33-36.32-155.43-46.3-203.79-49.05C13.55 191.13 0 203.51 0 219.14v222.8c0 14.33 11.59 26.28 26.49 27.05 43.66 2.29 131.99 10.68 193.04 41.43 9.37 4.72 20.48-1.71 20.48-11.87V252.56c-.01-4.67-2.32-8.95-6.42-11.46zm248.61-49.05c-48.35 2.74-144.46 12.73-203.78 49.05-4.1 2.51-6.41 6.96-6.41 11.63v245.79c0 10.19 11.14 16.63 20.54 11.9 61.04-30.72 149.32-39.11 192.97-41.4 14.9-.78 26.49-12.73 26.49-27.06V219.14c-.01-15.63-13.56-28.01-29.81-27.09z\"><\/path><\/svg>\t\t\t\t<\/span>\n\t\t\t<\/div>\n\t\t\t\n\t\t\t\t\t\t<div class=\"elementor-icon-box-content\">\n\n\t\t\t\t\t\t\t\t\t<h3 class=\"elementor-icon-box-title\">\n\t\t\t\t\t\t<span  >\n\t\t\t\t\t\t\tGi\u00e1o D\u1ee5c C\u1ed9ng \u0110\u1ed3ng\t\t\t\t\t\t<\/span>\n\t\t\t\t\t<\/h3>\n\t\t\t\t\n\t\t\t\t\t\t\t\t\t<p class=\"elementor-icon-box-description\">\n\t\t\t\t\t\tB\u1eb1ng vi\u1ec7c n\u00e2ng cao nh\u1eadn th\u1ee9c v\u00e0 hi\u1ec3u bi\u1ebft v\u1ec1 b\u1ea3o v\u1ec7 m\u00f4i tr\u01b0\u1eddng, ch\u00fang t\u00f4i khuy\u1ebfn kh\u00edch s\u1ef1 tham gia c\u1ee7a m\u1ecdi ng\u01b0\u1eddi d\u00e2n v\u00e0o c\u00e1c ho\u1ea1t \u0111\u1ed9ng c\u1ea3i thi\u1ec7n m\u00f4i tr\u01b0\u1eddng s\u1ed1ng, \u0111\u1eb7t n\u1ec1n m\u00f3ng cho m\u1ed9t c\u1ed9ng \u0111\u1ed3ng ph\u00e1t tri\u1ec3n b\u1ec1n v\u1eefng.\n\t\t\t\t\t<\/p>\n\t\t\t\t\n\t\t\t<\/div>\n\t\t\t\n\t\t<\/div>\n\t\t\t\t<\/div>\n\t\t\t\t<\/div>\n\t\t\t\t<\/div>\n\t\t\t\t\t<\/div>\n\t\t\t\t<\/div>\n\t\t\t\t<\/div>","protected":false},"excerpt":{"rendered":"<p>GI\u1edaI THI\u1ec6U V\u1ec0 V\u01af\u1edcN V\u00cc VI\u1ec6T NAM XANH T\u1ea7m Nh\u00ecn Ti\u00ean phong trong vi\u1ec7c b\u1ea3o v\u1ec7 m\u00f4i tr\u01b0\u1eddng v\u00e0 ph\u00e1t [&hellip;]<\/p>","protected":false},"author":5,"featured_media":0,"parent":0,"menu_order":0,"comment_status":"closed","ping_status":"closed","template":"","meta":{"site-sidebar-layout":"no-sidebar","site-content-layout":"plain-container","ast-site-content-layout":"full-width-container","site-content-style":"unboxed","site-sidebar-style":"unboxed","ast-global-header-display":"","ast-banner-title-visibility":"","ast-main-header-display":"","ast-hfb-above-header-display":"","ast-hfb-below-header-display":"","ast-hfb-mobile-header-display":"","site-post-title":"disabled","ast-breadcrumbs-content":"","ast-featured-img":"","footer-sml-layout":"","theme-transparent-header-meta":"enabled","adv-header-id-meta":"","stick-header-meta":"","header-above-stick-meta":"","header-main-stick-meta":"","header-below-stick-meta":"","astra-migrate-meta-layouts":"set","ast-page-background-enabled":"default","ast-page-background-meta":{"desktop":{"background-color":"var(--ast-global-color-4)","background-image":"","background-repeat":"repeat","background-position":"center center","background-size":"auto","background-attachment":"scroll","background-type":"","background-media":"","overlay-type":"","overlay-color":"","overlay-opacity":"","overlay-gradient":""},"tablet":{"background-color":"","background-image":"","background-repeat":"repeat","background-position":"center center","background-size":"auto","background-attachment":"scroll","background-type":"","background-media":"","overlay-type":"","overlay-color":"","overlay-opacity":"","overlay-gradient":""},"mobile":{"background-color":"","background-image":"","background-repeat":"repeat","background-position":"center center","background-size":"auto","background-attachment":"scroll","background-type":"","background-media":"","overlay-type":"","overlay-color":"","overlay-opacity":"","overlay-gradient":""}},"ast-content-background-meta":{"desktop":{"background-color":"var(--ast-global-color-5)","background-image":"","background-repeat":"repeat","background-position":"center center","background-size":"auto","background-attachment":"scroll","background-type":"","background-media":"","overlay-type":"","overlay-color":"","overlay-opacity":"","overlay-gradient":""},"tablet":{"background-color":"var(--ast-global-color-5)","background-image":"","background-repeat":"repeat","background-position":"center center","background-size":"auto","background-attachment":"scroll","background-type":"","background-media":"","overlay-type":"","overlay-color":"","overlay-opacity":"","overlay-gradient":""},"mobile":{"background-color":"var(--ast-global-color-5)","background-image":"","background-repeat":"repeat","background-position":"center center","background-size":"auto","background-attachment":"scroll","background-type":"","background-media":"","overlay-type":"","overlay-color":"","overlay-opacity":"","overlay-gradient":""}},"footnotes":""},"class_list":["post-93","page","type-page","status-publish","hentry"],"_links":{"self":[{"href":"https:\/\/greenvn.vn\/en\/wp-json\/wp\/v2\/pages\/93","targetHints":{"allow":["GET"]}}],"collection":[{"href":"https:\/\/greenvn.vn\/en\/wp-json\/wp\/v2\/pages"}],"about":[{"href":"https:\/\/greenvn.vn\/en\/wp-json\/wp\/v2\/types\/page"}],"author":[{"embeddable":true,"href":"https:\/\/greenvn.vn\/en\/wp-json\/wp\/v2\/users\/5"}],"replies":[{"embeddable":true,"href":"https:\/\/greenvn.vn\/en\/wp-json\/wp\/v2\/comments?post=93"}],"version-history":[{"count":214,"href":"https:\/\/greenvn.vn\/en\/wp-json\/wp\/v2\/pages\/93\/revisions"}],"predecessor-version":[{"id":3781,"href":"https:\/\/greenvn.vn\/en\/wp-json\/wp\/v2\/pages\/93\/revisions\/3781"}],"wp:attachment":[{"href":"https:\/\/greenvn.vn\/en\/wp-json\/wp\/v2\/media?parent=93"}],"curies":[{"name":"wp","href":"https:\/\/api.w.org\/{rel}","templated":true}]}}